{"id":206,"date":"2020-12-14T09:27:12","date_gmt":"2020-12-14T08:27:12","guid":{"rendered":"https:\/\/www.greenz.bio\/?page_id=206"},"modified":"2021-01-26T14:04:10","modified_gmt":"2021-01-26T13:04:10","slug":"produits","status":"publish","type":"page","link":"https:\/\/www.greenz.bio\/fr\/produits\/","title":{"rendered":"Nos produits"},"content":{"rendered":"\n<div class=\"wp-block-group\"><div class=\"wp-block-group__inner-container is-layout-flow wp-block-group-is-layout-flow\">\n<div class=\"wp-block-columns alignwide is-layout-flex wp-container-core-columns-is-layout-9d6595d7 wp-block-columns-is-layout-flex\">\n<div class=\"wp-block-column is-vertically-aligned-center is-layout-flow wp-block-column-is-layout-flow\">\n<div class=\"wp-block-image\"><figure class=\"aligncenter size-large is-resized\"><img loading=\"lazy\" decoding=\"async\" src=\"https:\/\/www.greenz.bio\/wp-content\/uploads\/2020\/12\/icon-assiette.svg\" alt=\"\" class=\"wp-image-213\" width=\"131\" height=\"73\"\/><\/figure><\/div>\n\n\n\n<h2 class=\"has-text-align-center has-text-color wp-block-heading\" style=\"color:#3aa935\">Une cuisine<br>optimiste,<br>qui vous veut<br>du bien&nbsp;!<\/h2>\n\n\n\n<p><\/p>\n<\/div>\n\n\n\n<div class=\"wp-block-column is-vertically-aligned-center is-layout-flow wp-block-column-is-layout-flow\">\n<p>Greenz, c\u2019est du pr\u00eat-\u00e0-manger <strong>bio<\/strong> dans de jolis bocaux. Des pr\u00e9parations saines, de saison, fraiches, faites maison, issues de l\u2019agriculture <strong>durable<\/strong> et <strong>locale<\/strong>, cuisin\u00e9e en mode z\u00e9ro d\u00e9chet au sein d\u2019une Entreprise de Travail Adapt\u00e9,\u2026 Oui, c\u2019est tout \u00e7a\u00a0! Ne croyez pas qu\u2019on se prenne le melon, ni qu\u2019on vous raconte des salades. Greenz c\u2019est avant tout<strong> une marque \u00e0 impact social et solidaire<\/strong>. En fait, notre approche de la restauration est simple, elle tient en deux mots : <strong>respect et plaisir<\/strong>.<\/p>\n\n\n\n<p>Et vous savez quoi\u00a0?  Vous trouverez nos bocaux dans le <strong>magasin bio<\/strong> ou <strong>de produits locaux <\/strong>le plus proche de chez vous\u00a0! Notre cuisine respectueuse est disponible en livraison pour <strong>vos business lunchs<\/strong> ou <strong>\u00e9v\u00e9nements priv\u00e9s<\/strong>.<\/p>\n<\/div>\n<\/div>\n<\/div><\/div>\n\n\n\n<p><\/p>\n","protected":false},"excerpt":{"rendered":"<p>Une cuisineoptimiste,qui vous veutdu bien&nbsp;! Greenz, c\u2019est du pr\u00eat-\u00e0-manger bio dans de jolis bocaux. Des pr\u00e9parations saines, de saison, fraiches, faites maison, issues de l\u2019agriculture durable et locale, cuisin\u00e9e en mode z\u00e9ro d\u00e9chet au sein d\u2019une Entreprise de Travail Adapt\u00e9,\u2026 Oui, c\u2019est tout \u00e7a\u00a0! Ne croyez pas qu\u2019on se prenne le melon, ni qu\u2019on vous &hellip; <a href=\"https:\/\/www.greenz.bio\/fr\/produits\/\" class=\"more-link\">Continuer la lecture<span class=\"screen-reader-text\"> de &laquo;&nbsp;Nos produits&nbsp;&raquo;<\/span><\/a><\/p>\n","protected":false},"author":1,"featured_media":235,"parent":0,"menu_order":0,"comment_status":"closed","ping_status":"closed","template":"template-parts\/products.php","meta":{"_acf_changed":false,"content-type":"","inline_featured_image":false,"footnotes":""},"class_list":["post-206","page","type-page","status-publish","has-post-thumbnail","hentry"],"acf":[],"_links":{"self":[{"href":"https:\/\/www.greenz.bio\/fr\/wp-json\/wp\/v2\/pages\/206","targetHints":{"allow":["GET"]}}],"collection":[{"href":"https:\/\/www.greenz.bio\/fr\/wp-json\/wp\/v2\/pages"}],"about":[{"href":"https:\/\/www.greenz.bio\/fr\/wp-json\/wp\/v2\/types\/page"}],"author":[{"embeddable":true,"href":"https:\/\/www.greenz.bio\/fr\/wp-json\/wp\/v2\/users\/1"}],"replies":[{"embeddable":true,"href":"https:\/\/www.greenz.bio\/fr\/wp-json\/wp\/v2\/comments?post=206"}],"version-history":[{"count":25,"href":"https:\/\/www.greenz.bio\/fr\/wp-json\/wp\/v2\/pages\/206\/revisions"}],"predecessor-version":[{"id":597,"href":"https:\/\/www.greenz.bio\/fr\/wp-json\/wp\/v2\/pages\/206\/revisions\/597"}],"wp:featuredmedia":[{"embeddable":true,"href":"https:\/\/www.greenz.bio\/fr\/wp-json\/wp\/v2\/media\/235"}],"wp:attachment":[{"href":"https:\/\/www.greenz.bio\/fr\/wp-json\/wp\/v2\/media?parent=206"}],"curies":[{"name":"wp","href":"https:\/\/api.w.org\/{rel}","templated":true}]}}