{"id":45,"date":"2020-12-07T12:57:51","date_gmt":"2020-12-07T11:57:51","guid":{"rendered":"https:\/\/www.greenz.bio\/?page_id=45"},"modified":"2024-05-06T10:42:58","modified_gmt":"2024-05-06T08:42:58","slug":"traiteur-bio","status":"publish","type":"page","link":"https:\/\/www.greenz.bio\/fr\/nos-services\/traiteur-bio\/","title":{"rendered":"Traiteur Bio"},"content":{"rendered":"\n<div class=\"wp-block-media-text alignwide has-media-on-the-right is-stacked-on-mobile is-image-fill\" style=\"grid-template-columns:auto 37%\"><div class=\"wp-block-media-text__content\">\n<h3 class=\"wp-block-heading\">Le traiteur bio, local et de saison de votre magasin<\/h3>\n\n\n\n<p>Vous \u00eates <strong>propri\u00e9taire ou exploitant d\u2019un magasin ?<\/strong> Nous vous livrons nos d\u00e9licieux produits dans des bocaux consign\u00e9s ou dans des bols en carton. Le vert pour nos pr\u00eats-\u00e0-manger, l&rsquo;orange pour les tartinables, le jaune pour les desserts et le rouge pour les plats \u00e0 partager. Une bolognaise v\u00e9gane, une mousse au chocolat, des tartinables de l\u00e9gumes de saison, pr\u00eats-\u00e0 manger et d&rsquo;autres savoureuses recettes que vous revendez sous la marque Greenz. <strong>Magasin bio <\/strong>? <strong>\u00c9tablissement HORECA <\/strong>? <strong>Caf\u00e9 citoyen<\/strong> ? <strong>Cuisine collective <\/strong>? Pr\u00e9curseurs dans la cuisine bio, nous vous promettons un partenariat \u00e9thique et professionnel.<\/p>\n\n\n\n<p>Contactez-nous pour envisager une collaboration commerciale !<\/p>\n<\/div><figure class=\"wp-block-media-text__media\" style=\"background-image:url(https:\/\/www.greenz.bio\/wp-content\/uploads\/2023\/12\/RVT_3297-Editar-3-784x1024.jpg);background-position:48% 70%\"><img decoding=\"async\" src=\"https:\/\/www.greenz.bio\/wp-content\/uploads\/2023\/12\/RVT_3297-Editar-3-784x1024.jpg\" alt=\"\" class=\"wp-image-3931 size-full\"\/><\/figure><\/div>\n\n\n\n<div class=\"wp-block-media-text alignwide is-stacked-on-mobile is-image-fill\" style=\"grid-template-columns:38% auto\"><figure class=\"wp-block-media-text__media\" style=\"background-image:url(https:\/\/www.greenz.bio\/wp-content\/uploads\/2021\/08\/RVT_9761-scaled-e1710747800278-922x1024.jpg);background-position:58% 65%\"><img loading=\"lazy\" decoding=\"async\" width=\"922\" height=\"1024\" src=\"https:\/\/www.greenz.bio\/wp-content\/uploads\/2021\/08\/RVT_9761-scaled-e1710747800278-922x1024.jpg\" alt=\"\" class=\"wp-image-4123 size-full\" srcset=\"https:\/\/www.greenz.bio\/wp-content\/uploads\/2021\/08\/RVT_9761-scaled-e1710747800278-922x1024.jpg 922w, https:\/\/www.greenz.bio\/wp-content\/uploads\/2021\/08\/RVT_9761-scaled-e1710747800278-270x300.jpg 270w, https:\/\/www.greenz.bio\/wp-content\/uploads\/2021\/08\/RVT_9761-scaled-e1710747800278-768x853.jpg 768w, https:\/\/www.greenz.bio\/wp-content\/uploads\/2021\/08\/RVT_9761-scaled-e1710747800278-1383x1536.jpg 1383w, https:\/\/www.greenz.bio\/wp-content\/uploads\/2021\/08\/RVT_9761-scaled-e1710747800278-171x190.jpg 171w, https:\/\/www.greenz.bio\/wp-content\/uploads\/2021\/08\/RVT_9761-scaled-e1710747800278-1200x1333.jpg 1200w, https:\/\/www.greenz.bio\/wp-content\/uploads\/2021\/08\/RVT_9761-scaled-e1710747800278.jpg 1705w\" sizes=\"auto, (max-width: 922px) 100vw, 922px\" \/><\/figure><div class=\"wp-block-media-text__content\">\n<h3 class=\"wp-block-heading\">Une cuisine g\u00e9n\u00e9reuse, dans votre frigo et \u00e0 port\u00e9e de main !<\/h3>\n\n\n\n<p>Chez Greenz, on aime la <strong>cuisine respectueuse<\/strong> et <strong>gourmande<\/strong> mais, ce dont on raffole encore plus, c\u2019est la <strong>partager<\/strong>. On vous concocte des <strong>plats frais et gourmands<\/strong>, \u00e0 d\u00e9guster \u00e0 la maison, au boulot ou lors d&rsquo;une occasion sp\u00e9ciale. Au sein d&rsquo;une <strong>Entreprise de Travail Adapt\u00e9<\/strong>, nous prenons plaisir \u00e0 cuisiner \u00e0 partir de produits bio bruts et locaux, en mode <strong>z\u00e9ro d\u00e9chet <\/strong>et dans le respect du monde vivant.<\/p>\n<\/div><\/div>\n\n\n\n<div class=\"wp-block-media-text alignwide has-media-on-the-right is-stacked-on-mobile is-image-fill\" style=\"grid-template-columns:auto 39%\"><div class=\"wp-block-media-text__content\">\n<h3 class=\"wp-block-heading\">Un traiteur bio pour votre r\u00e9union professionnelle&nbsp;?<\/h3>\n\n\n\n<p>Pour un \u00e9v\u00e9nement professionnel, une r\u00e9union ultra-m\u00e9ga-importante avec votre plus gros client, un festival, un cocktail ou un business lunch, \u00e9laborons un plan gourmand\u00a0ensemble ! V\u00e9g\u00e9tariennes, v\u00e9ganes, sans gluten ou sans lactose, nos pr\u00e9parations <strong>100% bio<\/strong> s\u2019adaptent \u00e0 vous. Et notez que nos <strong>formules de saison <\/strong>tendent vers le <strong>z\u00e9ro d\u00e9chet<\/strong>\u00a0!<\/p>\n<\/div><figure class=\"wp-block-media-text__media\" style=\"background-image:url(https:\/\/www.greenz.bio\/wp-content\/uploads\/2021\/01\/RVT_9247-scaled-e1710748400539-863x1024.jpg);background-position:50% 50%\"><img loading=\"lazy\" decoding=\"async\" width=\"863\" height=\"1024\" src=\"https:\/\/www.greenz.bio\/wp-content\/uploads\/2021\/01\/RVT_9247-scaled-e1710748400539-863x1024.jpg\" alt=\"\" class=\"wp-image-4130 size-full\" srcset=\"https:\/\/www.greenz.bio\/wp-content\/uploads\/2021\/01\/RVT_9247-scaled-e1710748400539-863x1024.jpg 863w, https:\/\/www.greenz.bio\/wp-content\/uploads\/2021\/01\/RVT_9247-scaled-e1710748400539-253x300.jpg 253w, https:\/\/www.greenz.bio\/wp-content\/uploads\/2021\/01\/RVT_9247-scaled-e1710748400539-768x911.jpg 768w, https:\/\/www.greenz.bio\/wp-content\/uploads\/2021\/01\/RVT_9247-scaled-e1710748400539-1295x1536.jpg 1295w, https:\/\/www.greenz.bio\/wp-content\/uploads\/2021\/01\/RVT_9247-scaled-e1710748400539-160x190.jpg 160w, https:\/\/www.greenz.bio\/wp-content\/uploads\/2021\/01\/RVT_9247-scaled-e1710748400539-1200x1423.jpg 1200w, https:\/\/www.greenz.bio\/wp-content\/uploads\/2021\/01\/RVT_9247-scaled-e1710748400539.jpg 1705w\" sizes=\"auto, (max-width: 863px) 100vw, 863px\" \/><\/figure><\/div>\n\n\n\n<div class=\"wp-block-media-text alignwide is-stacked-on-mobile is-image-fill\" style=\"grid-template-columns:39% auto\"><figure class=\"wp-block-media-text__media\" style=\"background-image:url(https:\/\/www.greenz.bio\/wp-content\/uploads\/2024\/03\/RVT_9800-682x1024.jpg);background-position:62% 13%\"><img loading=\"lazy\" decoding=\"async\" width=\"682\" height=\"1024\" src=\"https:\/\/www.greenz.bio\/wp-content\/uploads\/2024\/03\/RVT_9800-682x1024.jpg\" alt=\"\" class=\"wp-image-4137 size-full\" srcset=\"https:\/\/www.greenz.bio\/wp-content\/uploads\/2024\/03\/RVT_9800-682x1024.jpg 682w, https:\/\/www.greenz.bio\/wp-content\/uploads\/2024\/03\/RVT_9800-200x300.jpg 200w, https:\/\/www.greenz.bio\/wp-content\/uploads\/2024\/03\/RVT_9800-768x1153.jpg 768w, https:\/\/www.greenz.bio\/wp-content\/uploads\/2024\/03\/RVT_9800-1023x1536.jpg 1023w, https:\/\/www.greenz.bio\/wp-content\/uploads\/2024\/03\/RVT_9800-1364x2048.jpg 1364w, https:\/\/www.greenz.bio\/wp-content\/uploads\/2024\/03\/RVT_9800-127x190.jpg 127w, https:\/\/www.greenz.bio\/wp-content\/uploads\/2024\/03\/RVT_9800-1200x1801.jpg 1200w, https:\/\/www.greenz.bio\/wp-content\/uploads\/2024\/03\/RVT_9800-scaled.jpg 1705w\" sizes=\"auto, (max-width: 682px) 100vw, 682px\" \/><\/figure><div class=\"wp-block-media-text__content\">\n<h3 class=\"wp-block-heading\">Un traiteur bio, z\u00e9ro d\u00e9chet pour votre \u00e9v\u00e8nement ?<\/h3>\n\n\n\n<p>Le service traiteur de Greenz accompagne aussi les occasions priv\u00e9es. Que ce soit pour un mariage, l\u2019anniversaire de votre chien, un barbecue, une boum\u2026 vous f\u00eatez ce que vous voulez, nous on cuisine et on livre la formule d\u00e9gustation qui convient \u00e0 votre \u00e9v\u00e8nement. En mode <strong>z\u00e9ro d\u00e9chet<\/strong> <strong>et faite maison<\/strong>, notre cuisine est <strong>toujours de saison\u00a0!<\/strong><\/p>\n\n\n\n<p>Contactez-nous pour une formule personnalis\u00e9e.<\/p>\n<\/div><\/div>\n\n\n\n<p><\/p>\n","protected":false},"excerpt":{"rendered":"<p>Le traiteur bio, local et de saison de votre magasin Vous \u00eates propri\u00e9taire ou exploitant d\u2019un magasin ? Nous vous livrons nos d\u00e9licieux produits dans des bocaux consign\u00e9s ou dans des bols en carton. Le vert pour nos pr\u00eats-\u00e0-manger, l&rsquo;orange pour les tartinables, le jaune pour les desserts et le rouge pour les plats \u00e0 &hellip; <a href=\"https:\/\/www.greenz.bio\/fr\/nos-services\/traiteur-bio\/\" class=\"more-link\">Continuer la lecture<span class=\"screen-reader-text\"> de &laquo;&nbsp;Traiteur Bio&nbsp;&raquo;<\/span><\/a><\/p>\n","protected":false},"author":1,"featured_media":153,"parent":43,"menu_order":0,"comment_status":"closed","ping_status":"closed","template":"","meta":{"_acf_changed":false,"content-type":"","inline_featured_image":false,"footnotes":""},"class_list":["post-45","page","type-page","status-publish","has-post-thumbnail","hentry"],"acf":[],"_links":{"self":[{"href":"https:\/\/www.greenz.bio\/fr\/wp-json\/wp\/v2\/pages\/45","targetHints":{"allow":["GET"]}}],"collection":[{"href":"https:\/\/www.greenz.bio\/fr\/wp-json\/wp\/v2\/pages"}],"about":[{"href":"https:\/\/www.greenz.bio\/fr\/wp-json\/wp\/v2\/types\/page"}],"author":[{"embeddable":true,"href":"https:\/\/www.greenz.bio\/fr\/wp-json\/wp\/v2\/users\/1"}],"replies":[{"embeddable":true,"href":"https:\/\/www.greenz.bio\/fr\/wp-json\/wp\/v2\/comments?post=45"}],"version-history":[{"count":32,"href":"https:\/\/www.greenz.bio\/fr\/wp-json\/wp\/v2\/pages\/45\/revisions"}],"predecessor-version":[{"id":4182,"href":"https:\/\/www.greenz.bio\/fr\/wp-json\/wp\/v2\/pages\/45\/revisions\/4182"}],"up":[{"embeddable":true,"href":"https:\/\/www.greenz.bio\/fr\/wp-json\/wp\/v2\/pages\/43"}],"wp:featuredmedia":[{"embeddable":true,"href":"https:\/\/www.greenz.bio\/fr\/wp-json\/wp\/v2\/media\/153"}],"wp:attachment":[{"href":"https:\/\/www.greenz.bio\/fr\/wp-json\/wp\/v2\/media?parent=45"}],"curies":[{"name":"wp","href":"https:\/\/api.w.org\/{rel}","templated":true}]}}