{"id":49,"date":"2020-12-07T13:00:00","date_gmt":"2020-12-07T12:00:00","guid":{"rendered":"https:\/\/www.greenz.bio\/?page_id=49"},"modified":"2022-12-07T12:40:51","modified_gmt":"2022-12-07T11:40:51","slug":"greenz-cest-qui","status":"publish","type":"page","link":"https:\/\/www.greenz.bio\/fr\/notre-histoire\/greenz-cest-qui\/","title":{"rendered":"Greenz, c&rsquo;est qui ?"},"content":{"rendered":"\n<div class=\"wp-block-group\"><div class=\"wp-block-group__inner-container is-layout-flow wp-block-group-is-layout-flow\">\n<div class=\"wp-block-media-text alignwide is-stacked-on-mobile pattern2\"><figure class=\"wp-block-media-text__media\"><img loading=\"lazy\" decoding=\"async\" width=\"1024\" height=\"683\" src=\"https:\/\/www.greenz.bio\/wp-content\/uploads\/2021\/03\/Greenz-portraits-805900-1024x683.jpg\" alt=\"\" class=\"wp-image-1184 size-full\" srcset=\"https:\/\/www.greenz.bio\/wp-content\/uploads\/2021\/03\/Greenz-portraits-805900-1024x683.jpg 1024w, https:\/\/www.greenz.bio\/wp-content\/uploads\/2021\/03\/Greenz-portraits-805900-300x200.jpg 300w, https:\/\/www.greenz.bio\/wp-content\/uploads\/2021\/03\/Greenz-portraits-805900-768x513.jpg 768w, https:\/\/www.greenz.bio\/wp-content\/uploads\/2021\/03\/Greenz-portraits-805900-190x127.jpg 190w, https:\/\/www.greenz.bio\/wp-content\/uploads\/2021\/03\/Greenz-portraits-805900-1200x801.jpg 1200w, https:\/\/www.greenz.bio\/wp-content\/uploads\/2021\/03\/Greenz-portraits-805900.jpg 1500w\" sizes=\"auto, (max-width: 1024px) 100vw, 1024px\" \/><\/figure><div class=\"wp-block-media-text__content\">\n<h2 class=\"has-text-align-center wp-block-heading\">Charlotte &amp; Vincent,<br>les cr\u00e9ateurs<\/h2>\n\n\n\n<div style=\"height:30px\" aria-hidden=\"true\" class=\"wp-block-spacer\"><\/div>\n\n\n\n<blockquote class=\"wp-block-quote has-text-align-center is-layout-flow wp-block-quote-is-layout-flow\">\n<p><mark style=\"background-color:rgba(0, 0, 0, 0);color:#e42322\" class=\"has-inline-color\">\u00abCe qu\u2019on veut, c\u2019est rendre la cuisine durable et respectueuse accessible au plus grand nombre. \u00bb<\/mark><\/p>\n<\/blockquote>\n\n\n\n<p><\/p>\n<\/div><\/div>\n<\/div><\/div>\n\n\n\n<div class=\"wp-block-group\"><div class=\"wp-block-group__inner-container is-layout-flow wp-block-group-is-layout-flow\">\n<div class=\"wp-block-media-text alignwide is-stacked-on-mobile\"><figure class=\"wp-block-media-text__media\"><img loading=\"lazy\" decoding=\"async\" width=\"429\" height=\"430\" src=\"https:\/\/www.greenz.bio\/wp-content\/uploads\/2021\/01\/photo-cha-429x430-1.jpg\" alt=\"\" class=\"wp-image-578 size-full\" srcset=\"https:\/\/www.greenz.bio\/wp-content\/uploads\/2021\/01\/photo-cha-429x430-1.jpg 429w, https:\/\/www.greenz.bio\/wp-content\/uploads\/2021\/01\/photo-cha-429x430-1-300x300.jpg 300w, https:\/\/www.greenz.bio\/wp-content\/uploads\/2021\/01\/photo-cha-429x430-1-150x150.jpg 150w, https:\/\/www.greenz.bio\/wp-content\/uploads\/2021\/01\/photo-cha-429x430-1-190x190.jpg 190w\" sizes=\"auto, (max-width: 429px) 100vw, 429px\" \/><\/figure><div class=\"wp-block-media-text__content\">\n<h3 class=\"wp-block-heading\">Charlotte, la bombe vitamin\u00e9e<\/h3>\n\n\n\n<p>\u00c0 15 ans, Charlotte se r\u00e9galait d\u00e9j\u00e0 du jus de bl\u00e9 ultra-vitamin\u00e9. Autant dire que l\u2019alimentation saine et vivante, elle en connait un rayon. Une fa\u00e7on <strong>simple et authentique <\/strong>d&rsquo;inscrire son ancrage positif sur terre et de <strong>changer le monde<\/strong> ! D\u2019autant que cette connaissance se poursuit dans sa <strong>passion de l&rsquo;entrepreneuriat <\/strong>et du d\u00e9veloppement durable. Cr\u00e9ative et r\u00eaveuse mais aussi pragmatique, Charlotte aime \u00e9crire, enlacer les arbres et papoter avec son potager.<\/p>\n<\/div><\/div>\n\n\n\n<div class=\"wp-block-media-text alignwide has-media-on-the-right is-stacked-on-mobile\"><div class=\"wp-block-media-text__content\">\n<h3 class=\"wp-block-heading\">Vincent, Action man&nbsp;!<\/h3>\n\n\n\n<p>Ah, Vincent, ce g\u00e9nial inventeur&nbsp;! Il adore tester de <strong>nouvelles&nbsp;recettes<\/strong>, produits et saveurs. C\u2019est qu\u2019il est un homme d\u2019action. Sur le terrain, il cherche les <strong>solutions<\/strong>, s\u2019adapte et rassemble les gens autour de lui. <strong>Profond\u00e9ment humain<\/strong>, sinc\u00e8rement gentil, il aime les sports de glisse, la nature et le VTT.<br>Depuis trois ans, il pratique le cross fit en duo avec Charlotte, sa bombe vitamin\u00e9e.<\/p>\n\n\n\n<p>Charlotte et Vincent ont choisi la voie de l\u2019<strong>entrepreneuriat<\/strong>&nbsp;pour faire des choses qui comptent, agir et faire \u00e9voluer le monde, et avoir un impact positif sur notre plan\u00e8te&nbsp;!<\/p>\n<\/div><figure class=\"wp-block-media-text__media\"><img loading=\"lazy\" decoding=\"async\" width=\"429\" height=\"430\" src=\"https:\/\/www.greenz.bio\/wp-content\/uploads\/2021\/01\/photo-vince-429x430-1.jpg\" alt=\"\" class=\"wp-image-580 size-full\" srcset=\"https:\/\/www.greenz.bio\/wp-content\/uploads\/2021\/01\/photo-vince-429x430-1.jpg 429w, https:\/\/www.greenz.bio\/wp-content\/uploads\/2021\/01\/photo-vince-429x430-1-300x300.jpg 300w, https:\/\/www.greenz.bio\/wp-content\/uploads\/2021\/01\/photo-vince-429x430-1-150x150.jpg 150w, https:\/\/www.greenz.bio\/wp-content\/uploads\/2021\/01\/photo-vince-429x430-1-190x190.jpg 190w\" sizes=\"auto, (max-width: 429px) 100vw, 429px\" \/><\/figure><\/div>\n\n\n\n<div style=\"height:100px\" aria-hidden=\"true\" class=\"wp-block-spacer\"><\/div>\n<\/div><\/div>\n","protected":false},"excerpt":{"rendered":"<p>Charlotte &amp; Vincent,les cr\u00e9ateurs \u00abCe qu\u2019on veut, c\u2019est rendre la cuisine durable et respectueuse accessible au plus grand nombre. \u00bb Charlotte, la bombe vitamin\u00e9e \u00c0 15 ans, Charlotte se r\u00e9galait d\u00e9j\u00e0 du jus de bl\u00e9 ultra-vitamin\u00e9. Autant dire que l\u2019alimentation saine et vivante, elle en connait un rayon. Une fa\u00e7on simple et authentique d&rsquo;inscrire son &hellip; <a href=\"https:\/\/www.greenz.bio\/fr\/notre-histoire\/greenz-cest-qui\/\" class=\"more-link\">Continuer la lecture<span class=\"screen-reader-text\"> de &laquo;&nbsp;Greenz, c&rsquo;est qui ?&nbsp;&raquo;<\/span><\/a><\/p>\n","protected":false},"author":1,"featured_media":239,"parent":47,"menu_order":0,"comment_status":"closed","ping_status":"closed","template":"","meta":{"_acf_changed":false,"content-type":"","inline_featured_image":false,"footnotes":""},"class_list":["post-49","page","type-page","status-publish","has-post-thumbnail","hentry"],"acf":[],"_links":{"self":[{"href":"https:\/\/www.greenz.bio\/fr\/wp-json\/wp\/v2\/pages\/49","targetHints":{"allow":["GET"]}}],"collection":[{"href":"https:\/\/www.greenz.bio\/fr\/wp-json\/wp\/v2\/pages"}],"about":[{"href":"https:\/\/www.greenz.bio\/fr\/wp-json\/wp\/v2\/types\/page"}],"author":[{"embeddable":true,"href":"https:\/\/www.greenz.bio\/fr\/wp-json\/wp\/v2\/users\/1"}],"replies":[{"embeddable":true,"href":"https:\/\/www.greenz.bio\/fr\/wp-json\/wp\/v2\/comments?post=49"}],"version-history":[{"count":25,"href":"https:\/\/www.greenz.bio\/fr\/wp-json\/wp\/v2\/pages\/49\/revisions"}],"predecessor-version":[{"id":3116,"href":"https:\/\/www.greenz.bio\/fr\/wp-json\/wp\/v2\/pages\/49\/revisions\/3116"}],"up":[{"embeddable":true,"href":"https:\/\/www.greenz.bio\/fr\/wp-json\/wp\/v2\/pages\/47"}],"wp:featuredmedia":[{"embeddable":true,"href":"https:\/\/www.greenz.bio\/fr\/wp-json\/wp\/v2\/media\/239"}],"wp:attachment":[{"href":"https:\/\/www.greenz.bio\/fr\/wp-json\/wp\/v2\/media?parent=49"}],"curies":[{"name":"wp","href":"https:\/\/api.w.org\/{rel}","templated":true}]}}