{"id":57,"date":"2020-12-07T13:10:10","date_gmt":"2020-12-07T12:10:10","guid":{"rendered":"https:\/\/www.greenz.bio\/?page_id=57"},"modified":"2025-09-24T09:55:53","modified_gmt":"2025-09-24T07:55:53","slug":"nos-distributeurs","status":"publish","type":"page","link":"https:\/\/www.greenz.bio\/fr\/ou-nous-trouver\/nos-distributeurs\/","title":{"rendered":"Nous distribuer"},"content":{"rendered":"\n<div class=\"wp-block-group w-narrow\"><div class=\"wp-block-group__inner-container is-layout-flow wp-block-group-is-layout-flow\">\n<h2 class=\"wp-block-heading has-text-align-center\">Compl\u00e8tement dingos du bocal bio&nbsp;!<\/h2>\n\n\n\n<p class=\"has-text-align-center\">Les bocaux tout bons, tout frais de Greenz sont dans votre magasin bio pr\u00e9f\u00e9r\u00e9 ou le plus proche de chez vous mais aussi pr\u00e9sents dans des boutiques de produits locaux. Vous trouverez aussi nos jolis bocaux en ligne chez \u00ab\u00a0E-Farmz\u00a0\u00bb, \u00ab\u00a0TheBarn\u00a0\u00bb, \u00ab\u00a0La Vivri\u00e8re\u00a0\u00bb&#8230;<\/p>\n\n\n\n<p class=\"has-text-align-center\">Retrouvez sur cette page la liste de nos partenaires. Avec eux, nous essayons de faciliter la consommation de produits bio et locaux mais aussi de cr\u00e9er de nouvelles habitudes, pour ceux qui aspirent \u00e0 une alimentation saine et \u00e9quilibr\u00e9e. Parce que, vous savez, on aime cuisiner et partager notre passion mais ce qu\u2019on veut surtout c\u2019est nourrir le monde de projets \u00e9thiques, solidaires et durables&nbsp;!<\/p>\n<\/div><\/div>\n\n\n\n<div class=\"wp-block-group\"><div class=\"wp-block-group__inner-container is-layout-flow wp-block-group-is-layout-flow\">\n<h2 class=\"wp-block-heading has-text-align-center\">Vous souhaitez distribuer<br>nos produits ?<\/h2>\n<\/div><\/div>\n\n\n\n<p><\/p>\n","protected":false},"excerpt":{"rendered":"<p>Compl\u00e8tement dingos du bocal bio&nbsp;! Les bocaux tout bons, tout frais de Greenz sont dans votre magasin bio pr\u00e9f\u00e9r\u00e9 ou le plus proche de chez vous mais aussi pr\u00e9sents dans des boutiques de produits locaux. Vous trouverez aussi nos jolis bocaux en ligne chez \u00ab\u00a0E-Farmz\u00a0\u00bb, \u00ab\u00a0TheBarn\u00a0\u00bb, \u00ab\u00a0La Vivri\u00e8re\u00a0\u00bb&#8230; Retrouvez sur cette page la liste de &hellip; <a href=\"https:\/\/www.greenz.bio\/fr\/ou-nous-trouver\/nos-distributeurs\/\" class=\"more-link\">Continuer la lecture<span class=\"screen-reader-text\"> de &laquo;&nbsp;Nous distribuer&nbsp;&raquo;<\/span><\/a><\/p>\n","protected":false},"author":1,"featured_media":501,"parent":55,"menu_order":0,"comment_status":"closed","ping_status":"closed","template":"template-parts\/locations.php","meta":{"_acf_changed":false,"content-type":"","inline_featured_image":false,"footnotes":""},"class_list":["post-57","page","type-page","status-publish","has-post-thumbnail","hentry"],"acf":[],"_links":{"self":[{"href":"https:\/\/www.greenz.bio\/fr\/wp-json\/wp\/v2\/pages\/57","targetHints":{"allow":["GET"]}}],"collection":[{"href":"https:\/\/www.greenz.bio\/fr\/wp-json\/wp\/v2\/pages"}],"about":[{"href":"https:\/\/www.greenz.bio\/fr\/wp-json\/wp\/v2\/types\/page"}],"author":[{"embeddable":true,"href":"https:\/\/www.greenz.bio\/fr\/wp-json\/wp\/v2\/users\/1"}],"replies":[{"embeddable":true,"href":"https:\/\/www.greenz.bio\/fr\/wp-json\/wp\/v2\/comments?post=57"}],"version-history":[{"count":21,"href":"https:\/\/www.greenz.bio\/fr\/wp-json\/wp\/v2\/pages\/57\/revisions"}],"predecessor-version":[{"id":4672,"href":"https:\/\/www.greenz.bio\/fr\/wp-json\/wp\/v2\/pages\/57\/revisions\/4672"}],"up":[{"embeddable":true,"href":"https:\/\/www.greenz.bio\/fr\/wp-json\/wp\/v2\/pages\/55"}],"wp:featuredmedia":[{"embeddable":true,"href":"https:\/\/www.greenz.bio\/fr\/wp-json\/wp\/v2\/media\/501"}],"wp:attachment":[{"href":"https:\/\/www.greenz.bio\/fr\/wp-json\/wp\/v2\/media?parent=57"}],"curies":[{"name":"wp","href":"https:\/\/api.w.org\/{rel}","templated":true}]}}