{"id":3416,"date":"2023-07-05T20:44:42","date_gmt":"2023-07-05T18:44:42","guid":{"rendered":"https:\/\/www.greenz.bio\/?post_type=product&#038;p=3416"},"modified":"2026-01-07T15:27:24","modified_gmt":"2026-01-07T14:27:24","slug":"nouveau-thai-noodles","status":"publish","type":"product","link":"https:\/\/www.greenz.bio\/fr\/product\/nouveau-thai-noodles\/","title":{"rendered":"Thai Noodles"},"content":{"rendered":"\r\n<p>Thai noodles au soja et l\u00e9gumes saut\u00e9s, sauce cacahu\u00e8te et s\u00e9same toast\u00e9<\/p>\r\n\r\n\r\n\r\n<p>Allerg\u00e8nes: Gluten, s\u00e9same, fruits \u00e0 coque, soja<\/p>\r\n\r\n\r\n\r\n<p><em><strong>Le +<\/strong> : bocal pasteuris\u00e9 longue conservation<\/em> (\u00e0 conserver au frais)<\/p>\r\n\r\n\r\n\r\n<p><em>Consigne d&rsquo;utilisation: Retirer le joint et ensuite r\u00e9chauffer 2 minutes au micro-onde<\/em><\/p>\r\n","protected":false},"featured_media":5114,"template":"","meta":{"_acf_changed":false,"content-type":"","inline_featured_image":false,"footnotes":""},"product_type":[50],"product_ingredient":[28,29],"class_list":["post-3416","product","type-product","status-publish","has-post-thumbnail","hentry","product_type-hot-ready","product_ingredient-vegan","product_ingredient-sans-lactose"],"acf":[],"_links":{"self":[{"href":"https:\/\/www.greenz.bio\/fr\/wp-json\/wp\/v2\/product\/3416","targetHints":{"allow":["GET"]}}],"collection":[{"href":"https:\/\/www.greenz.bio\/fr\/wp-json\/wp\/v2\/product"}],"about":[{"href":"https:\/\/www.greenz.bio\/fr\/wp-json\/wp\/v2\/types\/product"}],"version-history":[{"count":15,"href":"https:\/\/www.greenz.bio\/fr\/wp-json\/wp\/v2\/product\/3416\/revisions"}],"predecessor-version":[{"id":5105,"href":"https:\/\/www.greenz.bio\/fr\/wp-json\/wp\/v2\/product\/3416\/revisions\/5105"}],"wp:featuredmedia":[{"embeddable":true,"href":"https:\/\/www.greenz.bio\/fr\/wp-json\/wp\/v2\/media\/5114"}],"wp:attachment":[{"href":"https:\/\/www.greenz.bio\/fr\/wp-json\/wp\/v2\/media?parent=3416"}],"wp:term":[{"taxonomy":"product_type","embeddable":true,"href":"https:\/\/www.greenz.bio\/fr\/wp-json\/wp\/v2\/product_type?post=3416"},{"taxonomy":"product_ingredient","embeddable":true,"href":"https:\/\/www.greenz.bio\/fr\/wp-json\/wp\/v2\/product_ingredient?post=3416"}],"curies":[{"name":"wp","href":"https:\/\/api.w.org\/{rel}","templated":true}]}}