{"id":4727,"date":"2025-10-13T08:00:00","date_gmt":"2025-10-13T06:00:00","guid":{"rendered":"https:\/\/www.greenz.bio\/?post_type=product&#038;p=4727"},"modified":"2026-03-19T10:43:34","modified_gmt":"2026-03-19T09:43:34","slug":"rustic-meat-mustard","status":"publish","type":"product","link":"https:\/\/www.greenz.bio\/fr\/product\/rustic-meat-mustard\/","title":{"rendered":"Rustic Meat &#038; Mustard"},"content":{"rendered":"\r\n<div class=\"o-paragraph\"><strong>Pain de viande fermier et stoemp de carottes, une sauce moutarde.\/ hoevevleesbrood met wortelstoemp en mosterdsaus<\/strong><\/div>\r\n<div class=\"o-paragraph\">\u00a0<\/div>\r\n<div class=\"o-paragraph\"><em>Allerg\u00e8nes : lactose, moutarde, c\u00e9leri, fruits \u00e0 coque \/ Allergenen: lactose, mosterd, selderij, noten<\/em><\/div>\r\n<p>&nbsp;<\/p>\r\n\r\n\r\n\r\n<p>&nbsp;<\/p>\r\n","protected":false},"featured_media":5396,"template":"","meta":{"_acf_changed":false,"content-type":"","inline_featured_image":false,"footnotes":""},"product_type":[50],"product_ingredient":[47],"class_list":["post-4727","product","type-product","status-publish","has-post-thumbnail","hentry","product_type-hot-ready","product_ingredient-carne"],"acf":[],"_links":{"self":[{"href":"https:\/\/www.greenz.bio\/fr\/wp-json\/wp\/v2\/product\/4727","targetHints":{"allow":["GET"]}}],"collection":[{"href":"https:\/\/www.greenz.bio\/fr\/wp-json\/wp\/v2\/product"}],"about":[{"href":"https:\/\/www.greenz.bio\/fr\/wp-json\/wp\/v2\/types\/product"}],"version-history":[{"count":4,"href":"https:\/\/www.greenz.bio\/fr\/wp-json\/wp\/v2\/product\/4727\/revisions"}],"predecessor-version":[{"id":5416,"href":"https:\/\/www.greenz.bio\/fr\/wp-json\/wp\/v2\/product\/4727\/revisions\/5416"}],"wp:featuredmedia":[{"embeddable":true,"href":"https:\/\/www.greenz.bio\/fr\/wp-json\/wp\/v2\/media\/5396"}],"wp:attachment":[{"href":"https:\/\/www.greenz.bio\/fr\/wp-json\/wp\/v2\/media?parent=4727"}],"wp:term":[{"taxonomy":"product_type","embeddable":true,"href":"https:\/\/www.greenz.bio\/fr\/wp-json\/wp\/v2\/product_type?post=4727"},{"taxonomy":"product_ingredient","embeddable":true,"href":"https:\/\/www.greenz.bio\/fr\/wp-json\/wp\/v2\/product_ingredient?post=4727"}],"curies":[{"name":"wp","href":"https:\/\/api.w.org\/{rel}","templated":true}]}}