{"id":5326,"date":"2026-03-19T10:00:00","date_gmt":"2026-03-19T09:00:00","guid":{"rendered":"https:\/\/www.greenz.bio\/?post_type=product&#038;p=5326"},"modified":"2026-03-19T09:54:49","modified_gmt":"2026-03-19T08:54:49","slug":"vitality-bowl","status":"publish","type":"product","link":"https:\/\/www.greenz.bio\/fr\/product\/vitality-bowl\/","title":{"rendered":"Vitality Bowl"},"content":{"rendered":"<div class=\"o-paragraph\"><strong>Bl\u00e9 mond\u00e9, l\u00e9gumes r\u00f4ties, pois chiches grill\u00e9s et vinaigrette framboise \/ Gepelde tarwe, geroosterde groenten, geroosterde kikkererwten en frambozendressing<\/strong><\/div>\n<div class=\"o-paragraph\"><\/div>\n<div class=\"o-paragraph\"><em>Allerg\u00e8ne : gluten \/ Allergeen: gluten<\/em><\/div>\n<div class=\"o-paragraph\"><\/div>\n<div class=\"o-paragraph\"><\/div>\n","protected":false},"featured_media":5330,"template":"","meta":{"_acf_changed":false,"content-type":"","inline_featured_image":false,"footnotes":""},"product_type":[24],"product_ingredient":[28,29],"class_list":["post-5326","product","type-product","status-publish","has-post-thumbnail","hentry","product_type-so-fresh-so-good","product_ingredient-vegan","product_ingredient-sans-lactose"],"acf":[],"_links":{"self":[{"href":"https:\/\/www.greenz.bio\/fr\/wp-json\/wp\/v2\/product\/5326","targetHints":{"allow":["GET"]}}],"collection":[{"href":"https:\/\/www.greenz.bio\/fr\/wp-json\/wp\/v2\/product"}],"about":[{"href":"https:\/\/www.greenz.bio\/fr\/wp-json\/wp\/v2\/types\/product"}],"version-history":[{"count":2,"href":"https:\/\/www.greenz.bio\/fr\/wp-json\/wp\/v2\/product\/5326\/revisions"}],"predecessor-version":[{"id":5332,"href":"https:\/\/www.greenz.bio\/fr\/wp-json\/wp\/v2\/product\/5326\/revisions\/5332"}],"wp:featuredmedia":[{"embeddable":true,"href":"https:\/\/www.greenz.bio\/fr\/wp-json\/wp\/v2\/media\/5330"}],"wp:attachment":[{"href":"https:\/\/www.greenz.bio\/fr\/wp-json\/wp\/v2\/media?parent=5326"}],"wp:term":[{"taxonomy":"product_type","embeddable":true,"href":"https:\/\/www.greenz.bio\/fr\/wp-json\/wp\/v2\/product_type?post=5326"},{"taxonomy":"product_ingredient","embeddable":true,"href":"https:\/\/www.greenz.bio\/fr\/wp-json\/wp\/v2\/product_ingredient?post=5326"}],"curies":[{"name":"wp","href":"https:\/\/api.w.org\/{rel}","templated":true}]}}