{"id":5339,"date":"2026-03-19T10:00:15","date_gmt":"2026-03-19T09:00:15","guid":{"rendered":"https:\/\/www.greenz.bio\/?post_type=product&#038;p=5339"},"modified":"2026-03-19T09:54:34","modified_gmt":"2026-03-19T08:54:34","slug":"5339","status":"publish","type":"product","link":"https:\/\/www.greenz.bio\/fr\/product\/5339\/","title":{"rendered":"Vita E Bella"},"content":{"rendered":"<div class=\"o-paragraph\"><strong>P\u00e2tes au pesto, tomate s\u00e9ch\u00e9e, courgette grill\u00e9e et mozzarella \/ Pasta met pesto, zongedroogde tomaat, gegrilde courgette en mozzarella<\/strong><\/div>\n<div class=\"o-paragraph\"><\/div>\n<div class=\"o-paragraph\"><em>Allerg\u00e8nes : gluten, lait \/ Allergenen: gluten, melk<\/em><\/div>\n","protected":false},"featured_media":5340,"template":"","meta":{"_acf_changed":false,"content-type":"","inline_featured_image":false,"footnotes":""},"product_type":[24],"product_ingredient":[43],"class_list":["post-5339","product","type-product","status-publish","has-post-thumbnail","hentry","product_type-so-fresh-so-good","product_ingredient-vege"],"acf":[],"_links":{"self":[{"href":"https:\/\/www.greenz.bio\/fr\/wp-json\/wp\/v2\/product\/5339","targetHints":{"allow":["GET"]}}],"collection":[{"href":"https:\/\/www.greenz.bio\/fr\/wp-json\/wp\/v2\/product"}],"about":[{"href":"https:\/\/www.greenz.bio\/fr\/wp-json\/wp\/v2\/types\/product"}],"version-history":[{"count":2,"href":"https:\/\/www.greenz.bio\/fr\/wp-json\/wp\/v2\/product\/5339\/revisions"}],"predecessor-version":[{"id":5343,"href":"https:\/\/www.greenz.bio\/fr\/wp-json\/wp\/v2\/product\/5339\/revisions\/5343"}],"wp:featuredmedia":[{"embeddable":true,"href":"https:\/\/www.greenz.bio\/fr\/wp-json\/wp\/v2\/media\/5340"}],"wp:attachment":[{"href":"https:\/\/www.greenz.bio\/fr\/wp-json\/wp\/v2\/media?parent=5339"}],"wp:term":[{"taxonomy":"product_type","embeddable":true,"href":"https:\/\/www.greenz.bio\/fr\/wp-json\/wp\/v2\/product_type?post=5339"},{"taxonomy":"product_ingredient","embeddable":true,"href":"https:\/\/www.greenz.bio\/fr\/wp-json\/wp\/v2\/product_ingredient?post=5339"}],"curies":[{"name":"wp","href":"https:\/\/api.w.org\/{rel}","templated":true}]}}