{"id":868,"date":"2021-01-27T13:33:59","date_gmt":"2021-01-27T12:33:59","guid":{"rendered":"https:\/\/www.greenz.bio\/?post_type=product&#038;p=868"},"modified":"2026-01-07T11:54:08","modified_gmt":"2026-01-07T10:54:08","slug":"mousse-au-chocolat-2","status":"publish","type":"product","link":"https:\/\/www.greenz.bio\/fr\/product\/mousse-au-chocolat-2\/","title":{"rendered":"Choco Mousse"},"content":{"rendered":"\r\n<p>L&rsquo;incontournable mousse au chocolat, compacte et l\u00e9g\u00e8re \u00e0 la fois! <br>Allerg\u00e8nes : LAIT, OEUFS, SOJA<\/p>\r\n\r\n\r\n\r\n<p>\u00c0 conserver au frais<\/p>\r\n\r\n\r\n\r\n<p><\/p>\r\n","protected":false},"featured_media":5055,"template":"","meta":{"_acf_changed":false,"content-type":"","inline_featured_image":false,"footnotes":""},"product_type":[27],"product_ingredient":[30],"class_list":["post-868","product","type-product","status-publish","has-post-thumbnail","hentry","product_type-desserts","product_ingredient-sans-gluten"],"acf":[],"_links":{"self":[{"href":"https:\/\/www.greenz.bio\/fr\/wp-json\/wp\/v2\/product\/868","targetHints":{"allow":["GET"]}}],"collection":[{"href":"https:\/\/www.greenz.bio\/fr\/wp-json\/wp\/v2\/product"}],"about":[{"href":"https:\/\/www.greenz.bio\/fr\/wp-json\/wp\/v2\/types\/product"}],"version-history":[{"count":17,"href":"https:\/\/www.greenz.bio\/fr\/wp-json\/wp\/v2\/product\/868\/revisions"}],"predecessor-version":[{"id":4118,"href":"https:\/\/www.greenz.bio\/fr\/wp-json\/wp\/v2\/product\/868\/revisions\/4118"}],"wp:featuredmedia":[{"embeddable":true,"href":"https:\/\/www.greenz.bio\/fr\/wp-json\/wp\/v2\/media\/5055"}],"wp:attachment":[{"href":"https:\/\/www.greenz.bio\/fr\/wp-json\/wp\/v2\/media?parent=868"}],"wp:term":[{"taxonomy":"product_type","embeddable":true,"href":"https:\/\/www.greenz.bio\/fr\/wp-json\/wp\/v2\/product_type?post=868"},{"taxonomy":"product_ingredient","embeddable":true,"href":"https:\/\/www.greenz.bio\/fr\/wp-json\/wp\/v2\/product_ingredient?post=868"}],"curies":[{"name":"wp","href":"https:\/\/api.w.org\/{rel}","templated":true}]}}