{"id":2495,"date":"2022-05-05T12:12:48","date_gmt":"2022-05-05T10:12:48","guid":{"rendered":"https:\/\/www.greenz.bio\/?post_type=product&#038;p=2495"},"modified":"2026-01-20T12:05:09","modified_gmt":"2026-01-20T11:05:09","slug":"the-parmentier","status":"publish","type":"product","link":"https:\/\/www.greenz.bio\/nl\/product\/the-parmentier\/","title":{"rendered":"The &#8220;parmentier&#8221;"},"content":{"rendered":"\r\n<p>Hach\u00e9 porc\/boeuf aux l\u00e9gumes et \u00e9cras\u00e9e de pommes de terre<\/p>\r\n\r\n\r\n\r\n<p>Allerg\u00e8nes: LAIT, FRUITS A COQUE<\/p>\r\n\r\n\r\n\r\n<p><em><strong>Le +<\/strong> : bocal pasteuris\u00e9 longue conservation<\/em> (\u00e0 conserver au frais)<\/p>\r\n\r\n\r\n\r\n<p><em>Consigne d&#8217;utilisation: Retirer le joint et ensuite r\u00e9chauffer 2 minutes au micro-onde<\/em><\/p>\r\n\r\n\r\n\r\n<p>&nbsp;<\/p>\r\n","protected":false},"featured_media":5112,"template":"","meta":{"_acf_changed":false,"content-type":"","inline_featured_image":false,"footnotes":""},"product_type":[50],"product_ingredient":[47,30],"class_list":["post-2495","product","type-product","status-publish","has-post-thumbnail","hentry","product_type-hot-ready","product_ingredient-carne","product_ingredient-sans-gluten"],"acf":[],"_links":{"self":[{"href":"https:\/\/www.greenz.bio\/nl\/wp-json\/wp\/v2\/product\/2495","targetHints":{"allow":["GET"]}}],"collection":[{"href":"https:\/\/www.greenz.bio\/nl\/wp-json\/wp\/v2\/product"}],"about":[{"href":"https:\/\/www.greenz.bio\/nl\/wp-json\/wp\/v2\/types\/product"}],"version-history":[{"count":24,"href":"https:\/\/www.greenz.bio\/nl\/wp-json\/wp\/v2\/product\/2495\/revisions"}],"predecessor-version":[{"id":5286,"href":"https:\/\/www.greenz.bio\/nl\/wp-json\/wp\/v2\/product\/2495\/revisions\/5286"}],"wp:featuredmedia":[{"embeddable":true,"href":"https:\/\/www.greenz.bio\/nl\/wp-json\/wp\/v2\/media\/5112"}],"wp:attachment":[{"href":"https:\/\/www.greenz.bio\/nl\/wp-json\/wp\/v2\/media?parent=2495"}],"wp:term":[{"taxonomy":"product_type","embeddable":true,"href":"https:\/\/www.greenz.bio\/nl\/wp-json\/wp\/v2\/product_type?post=2495"},{"taxonomy":"product_ingredient","embeddable":true,"href":"https:\/\/www.greenz.bio\/nl\/wp-json\/wp\/v2\/product_ingredient?post=2495"}],"curies":[{"name":"wp","href":"https:\/\/api.w.org\/{rel}","templated":true}]}}