{"id":4613,"date":"2025-07-14T08:00:00","date_gmt":"2025-07-14T06:00:00","guid":{"rendered":"https:\/\/www.greenz.bio\/?post_type=product&#038;p=4613"},"modified":"2026-01-15T15:53:04","modified_gmt":"2026-01-15T14:53:04","slug":"banana-bread","status":"publish","type":"product","link":"https:\/\/www.greenz.bio\/nl\/product\/banana-bread\/","title":{"rendered":"Banana Bread"},"content":{"rendered":"\r\n<div class=\"o-paragraph\"><strong>Cake \u00e0 la banane avec des noisettes \/ Bananencake met hazelnoten\u00a0<\/strong><\/div>\r\n<div class=\"o-paragraph\">\u00a0<\/div>\r\n<div class=\"o-paragraph\"><em>Allerg\u00e8nes: Lactose, \u0153uf, fruits \u00e0 coque \/ Allergenen: Lactose, ei, noten<\/em><\/div>\r\n<div class=\"o-paragraph\">\u00a0<\/div>\r\n\r\n\r\n\r\n<p>&nbsp;<\/p>\r\n","protected":false},"featured_media":5069,"template":"","meta":{"_acf_changed":false,"content-type":"","inline_featured_image":false,"footnotes":""},"product_type":[27],"product_ingredient":[30],"class_list":["post-4613","product","type-product","status-publish","has-post-thumbnail","hentry","product_type-desserts","product_ingredient-sans-gluten"],"acf":[],"_links":{"self":[{"href":"https:\/\/www.greenz.bio\/nl\/wp-json\/wp\/v2\/product\/4613","targetHints":{"allow":["GET"]}}],"collection":[{"href":"https:\/\/www.greenz.bio\/nl\/wp-json\/wp\/v2\/product"}],"about":[{"href":"https:\/\/www.greenz.bio\/nl\/wp-json\/wp\/v2\/types\/product"}],"version-history":[{"count":4,"href":"https:\/\/www.greenz.bio\/nl\/wp-json\/wp\/v2\/product\/4613\/revisions"}],"predecessor-version":[{"id":5244,"href":"https:\/\/www.greenz.bio\/nl\/wp-json\/wp\/v2\/product\/4613\/revisions\/5244"}],"wp:featuredmedia":[{"embeddable":true,"href":"https:\/\/www.greenz.bio\/nl\/wp-json\/wp\/v2\/media\/5069"}],"wp:attachment":[{"href":"https:\/\/www.greenz.bio\/nl\/wp-json\/wp\/v2\/media?parent=4613"}],"wp:term":[{"taxonomy":"product_type","embeddable":true,"href":"https:\/\/www.greenz.bio\/nl\/wp-json\/wp\/v2\/product_type?post=4613"},{"taxonomy":"product_ingredient","embeddable":true,"href":"https:\/\/www.greenz.bio\/nl\/wp-json\/wp\/v2\/product_ingredient?post=4613"}],"curies":[{"name":"wp","href":"https:\/\/api.w.org\/{rel}","templated":true}]}}