{"id":5312,"date":"2026-03-19T10:00:03","date_gmt":"2026-03-19T09:00:03","guid":{"rendered":"https:\/\/www.greenz.bio\/?post_type=product&#038;p=5312"},"modified":"2026-03-19T09:55:10","modified_gmt":"2026-03-19T08:55:10","slug":"tabbouleh-salad","status":"publish","type":"product","link":"https:\/\/www.greenz.bio\/nl\/product\/tabbouleh-salad\/","title":{"rendered":"Tabbouleh Salad"},"content":{"rendered":"\r\n<div class=\"o-paragraph\"><strong>Couscous, tomates s\u00e9ch\u00e9es, amandes, raisins secs, houmous \/ Couscous, zongedroogde tomaten, amandelen, rozijnen, hummus<\/strong><\/div>\r\n<div class=\"o-paragraph\"><\/div>\r\n<div class=\"o-paragraph\"><em>Allerg\u00e8nes : gluten, s\u00e9same, fruits \u00e0 coque \/ Allergenen: gluten, sesam, noten<\/em><\/div>\r\n<div class=\"o-paragraph\"><\/div>\r\n<div class=\"o-paragraph\"><em>\u00a0<\/em><\/div>\r\n&nbsp;\r\n\r\n","protected":false},"featured_media":5313,"template":"","meta":{"_acf_changed":false,"content-type":"","inline_featured_image":false,"footnotes":""},"product_type":[24],"product_ingredient":[28,29],"class_list":["post-5312","product","type-product","status-publish","has-post-thumbnail","hentry","product_type-so-fresh-so-good","product_ingredient-vegan","product_ingredient-sans-lactose"],"acf":[],"_links":{"self":[{"href":"https:\/\/www.greenz.bio\/nl\/wp-json\/wp\/v2\/product\/5312","targetHints":{"allow":["GET"]}}],"collection":[{"href":"https:\/\/www.greenz.bio\/nl\/wp-json\/wp\/v2\/product"}],"about":[{"href":"https:\/\/www.greenz.bio\/nl\/wp-json\/wp\/v2\/types\/product"}],"version-history":[{"count":1,"href":"https:\/\/www.greenz.bio\/nl\/wp-json\/wp\/v2\/product\/5312\/revisions"}],"predecessor-version":[{"id":5315,"href":"https:\/\/www.greenz.bio\/nl\/wp-json\/wp\/v2\/product\/5312\/revisions\/5315"}],"wp:featuredmedia":[{"embeddable":true,"href":"https:\/\/www.greenz.bio\/nl\/wp-json\/wp\/v2\/media\/5313"}],"wp:attachment":[{"href":"https:\/\/www.greenz.bio\/nl\/wp-json\/wp\/v2\/media?parent=5312"}],"wp:term":[{"taxonomy":"product_type","embeddable":true,"href":"https:\/\/www.greenz.bio\/nl\/wp-json\/wp\/v2\/product_type?post=5312"},{"taxonomy":"product_ingredient","embeddable":true,"href":"https:\/\/www.greenz.bio\/nl\/wp-json\/wp\/v2\/product_ingredient?post=5312"}],"curies":[{"name":"wp","href":"https:\/\/api.w.org\/{rel}","templated":true}]}}