{"id":5372,"date":"2026-03-19T10:00:26","date_gmt":"2026-03-19T09:00:26","guid":{"rendered":"https:\/\/www.greenz.bio\/?post_type=product&#038;p=5372"},"modified":"2026-03-19T09:53:35","modified_gmt":"2026-03-19T08:53:35","slug":"mediterranean-rigatoni","status":"publish","type":"product","link":"https:\/\/www.greenz.bio\/nl\/product\/mediterranean-rigatoni\/","title":{"rendered":"Mediterranean Rigatoni"},"content":{"rendered":"<p><strong>Rigatoni, l\u00e9gumes r\u00f4tis style ratatouille: aubergine, tomate, olives, c\u00e2pres, roquette, parmesan \/ Rigatoni met geroosterde groenten in ratatouillestijl: aubergine, tomaat, olijven, kappertjes, rucola en parmezaan<\/strong><\/p>\n","protected":false},"featured_media":5373,"template":"","meta":{"_acf_changed":false,"content-type":"","inline_featured_image":false,"footnotes":""},"product_type":[50],"product_ingredient":[],"class_list":["post-5372","product","type-product","status-publish","has-post-thumbnail","hentry","product_type-hot-ready"],"acf":[],"_links":{"self":[{"href":"https:\/\/www.greenz.bio\/nl\/wp-json\/wp\/v2\/product\/5372","targetHints":{"allow":["GET"]}}],"collection":[{"href":"https:\/\/www.greenz.bio\/nl\/wp-json\/wp\/v2\/product"}],"about":[{"href":"https:\/\/www.greenz.bio\/nl\/wp-json\/wp\/v2\/types\/product"}],"version-history":[{"count":1,"href":"https:\/\/www.greenz.bio\/nl\/wp-json\/wp\/v2\/product\/5372\/revisions"}],"predecessor-version":[{"id":5375,"href":"https:\/\/www.greenz.bio\/nl\/wp-json\/wp\/v2\/product\/5372\/revisions\/5375"}],"wp:featuredmedia":[{"embeddable":true,"href":"https:\/\/www.greenz.bio\/nl\/wp-json\/wp\/v2\/media\/5373"}],"wp:attachment":[{"href":"https:\/\/www.greenz.bio\/nl\/wp-json\/wp\/v2\/media?parent=5372"}],"wp:term":[{"taxonomy":"product_type","embeddable":true,"href":"https:\/\/www.greenz.bio\/nl\/wp-json\/wp\/v2\/product_type?post=5372"},{"taxonomy":"product_ingredient","embeddable":true,"href":"https:\/\/www.greenz.bio\/nl\/wp-json\/wp\/v2\/product_ingredient?post=5372"}],"curies":[{"name":"wp","href":"https:\/\/api.w.org\/{rel}","templated":true}]}}