{"id":5380,"date":"2026-03-19T10:00:14","date_gmt":"2026-03-19T09:00:14","guid":{"rendered":"https:\/\/www.greenz.bio\/?post_type=product&#038;p=5380"},"modified":"2026-03-19T09:53:19","modified_gmt":"2026-03-19T08:53:19","slug":"smoked-salmon-pasta","status":"publish","type":"product","link":"https:\/\/www.greenz.bio\/nl\/product\/smoked-salmon-pasta\/","title":{"rendered":"Smoked Salmon Pasta"},"content":{"rendered":"<p><strong>Tagliatelle, cr\u00e8me de saumon fum\u00e9e, carotte, tomate, courgette et \u00e9pinard \/ Tagliatelle, room van gerookte zalm, wortel, tomaat, courgette en spinazie<\/strong><\/p>\n","protected":false},"featured_media":5381,"template":"","meta":{"_acf_changed":false,"content-type":"","inline_featured_image":false,"footnotes":""},"product_type":[50],"product_ingredient":[],"class_list":["post-5380","product","type-product","status-publish","has-post-thumbnail","hentry","product_type-hot-ready"],"acf":[],"_links":{"self":[{"href":"https:\/\/www.greenz.bio\/nl\/wp-json\/wp\/v2\/product\/5380","targetHints":{"allow":["GET"]}}],"collection":[{"href":"https:\/\/www.greenz.bio\/nl\/wp-json\/wp\/v2\/product"}],"about":[{"href":"https:\/\/www.greenz.bio\/nl\/wp-json\/wp\/v2\/types\/product"}],"version-history":[{"count":1,"href":"https:\/\/www.greenz.bio\/nl\/wp-json\/wp\/v2\/product\/5380\/revisions"}],"predecessor-version":[{"id":5383,"href":"https:\/\/www.greenz.bio\/nl\/wp-json\/wp\/v2\/product\/5380\/revisions\/5383"}],"wp:featuredmedia":[{"embeddable":true,"href":"https:\/\/www.greenz.bio\/nl\/wp-json\/wp\/v2\/media\/5381"}],"wp:attachment":[{"href":"https:\/\/www.greenz.bio\/nl\/wp-json\/wp\/v2\/media?parent=5380"}],"wp:term":[{"taxonomy":"product_type","embeddable":true,"href":"https:\/\/www.greenz.bio\/nl\/wp-json\/wp\/v2\/product_type?post=5380"},{"taxonomy":"product_ingredient","embeddable":true,"href":"https:\/\/www.greenz.bio\/nl\/wp-json\/wp\/v2\/product_ingredient?post=5380"}],"curies":[{"name":"wp","href":"https:\/\/api.w.org\/{rel}","templated":true}]}}